{"id":4182,"date":"2025-03-17T17:31:52","date_gmt":"2025-03-17T16:31:52","guid":{"rendered":"https:\/\/dev-wp.catchef.com\/?page_id=4182"},"modified":"2025-03-17T17:36:11","modified_gmt":"2025-03-17T16:36:11","slug":"politique-cookies","status":"publish","type":"page","link":"https:\/\/dev-wp.catchef.com\/fr\/politique-cookies\/","title":{"rendered":"POLITIQUE DES COOKIES"},"content":{"rendered":"<div class=\"default__block container-fluid lg \">\n<h1 class=\"wp-block-heading\">POLITIQUE DES COOKIES<\/h1>\n<\/div>\n\n<div class=\"default__block container-fluid lg \">\n<p>Le site web Cat Chef (ci-apr\u00e8s d\u00e9nomm\u00e9 \u00ab notre site web \u00bb), utilise des cookies et des technologies analogues. Ces outils sont essentiels pour vous fournir une exp\u00e9rience utilisateur optimale lors de votre visite sur notre site web.<\/p>\n<\/div>\n\n<div class=\"default__block container-fluid lg \">\n<p>Cette politique en mati\u00e8re de cookies explique ce que sont les cookies, les objectifs de leur utilisation et comment vous pouvez g\u00e9rer vos pr\u00e9f\u00e9rences et param\u00e8tres relatifs aux cookies. Nous incluons \u00e9galement une liste des cookies que nous d\u00e9ployons par cat\u00e9gorie.<\/p>\n<\/div>\n\n<div class=\"default__block container-fluid lg \">\n<p>Ce document s&rsquo;applique exclusivement au site web g\u00e9r\u00e9 par Cat Chef:<\/p>\n<\/div>\n\n<div class=\"default__block container-fluid lg \">\n<p>catchef.com &#8211; Ce site web est g\u00e9r\u00e9 par Fresh Chef SPRL (Cat Chef), une soci\u00e9t\u00e9 \u00e0 responsabilit\u00e9 limit\u00e9e, dont le si\u00e8ge social se trouve \u00e0 Wolfshaegen 2A, 3040 Huldenberg, enregistr\u00e9e sous le num\u00e9ro de TVA BE 0650 765 476.<\/p>\n<\/div>\n\n<div class=\"default__block container-fluid lg \">\n<h2 class=\"wp-block-heading\">1. Qu&rsquo;est-ce que les cookies ?<\/h2>\n<\/div>\n\n<div class=\"default__block container-fluid lg \">\n<p>Les cookies sont de petits fichiers de texte qu&rsquo;un site web installe sur votre ordinateur ou appareil mobile via votre navigateur, \u00e0 titre temporaire ou permanent. Ils comportent des informations (p. ex. votre choix de langue) et sont install\u00e9s ou lus chaque fois que vous visitez le site web ou des pages d\u00e9termin\u00e9es. Les cookies peuvent \u00e9galement \u00eatre install\u00e9s par des tiers avec lesquels Belfius collabore.<\/p>\n<\/div>\n\n<div class=\"default__block container-fluid lg \">\n<p>Les cookies peuvent avoir diff\u00e9rentes fonctions : prot\u00e9ger le site web contre la fraude, mieux adapter le site web \u00e0 vos pr\u00e9f\u00e9rences, traiter des donn\u00e9es afin d&rsquo;analyser le fonctionnement de notre site web, adapter la publicit\u00e9 \u00e0 vos centres d&rsquo;int\u00e9r\u00eats \u00e9ventuels.<\/p>\n<\/div>\n\n<div class=\"default__block container-fluid lg \">\n<h2 class=\"wp-block-heading\">2. Utilisation de cookies sur notre site web<\/h2>\n<\/div>\n\n<div class=\"default__block container-fluid lg \">\n<p>Notre site web utilise des cookies \u00e0 diff\u00e9rentes fins:<\/p>\n<\/div>\n\n<div class=\"default__block container-fluid lg \">\n<ul class=\"wp-block-list\"><div class=\"default__block container-fluid lg \">\n<li>Les cookies strictement n\u00e9cessaires nous permettent de prot\u00e9ger notre site web et d\u2019en garantir le bon fonctionnement. Vu qu\u2019il s\u2019agit de cookies absolument n\u00e9cessaires, vous ne pouvez pas les refuser. Par exemple, nous utilisons ces cookies pour s\u00e9curiser la connexion entre notre serveur et votre session.<\/li>\n<\/div>\n\n<div class=\"default__block container-fluid lg \">\n<li>Les cookies fonctionnels permettent de m\u00e9moriser vos param\u00e8tres personnels de fa\u00e7on \u00e0 ce que nous ne devions pas vous les demander \u00e0 chaque fois. Nous pouvons optimiser votre facilit\u00e9 d&rsquo;utilisation chaque fois que vous visitez notre site web. Par exemple, il peut s\u2019agir de votre choix de la langue.<\/li>\n<\/div>\n\n<div class=\"default__block container-fluid lg \">\n<li>Les cookies analytiques nous permettent d&rsquo;analyser l\u2019utilisation de notre site web et, sur cette base, d\u2019y apporter des am\u00e9liorations ou afin de r\u00e9soudre des probl\u00e8mes. Par exemple, il peut s&rsquo;agir du nombre de personnes qui visitent une page d\u00e9termin\u00e9e ou qui cliquent sur une banni\u00e8re dans notre site web.<\/li>\n<\/div>\n\n<div class=\"default__block container-fluid lg \">\n<li>Les cookies publicitaires permettent de vous montrer des informations commerciales susceptibles de vous int\u00e9resser.<\/li>\n<\/div><\/ul>\n<\/div>\n\n<div class=\"default__block container-fluid lg \">\n<p>Les cookies ont une date d&rsquo;\u00e9ch\u00e9ance. Dans les d\u00e9tails des cookies repris dans notre liste (voir ci-apr\u00e8s), vous pouvez voir la date de validit\u00e9 par cookie. Les cookies de la session sont, par exemple, automatiquement supprim\u00e9s lorsque vous fermez votre navigateur.<\/p>\n<\/div>\n\n<div class=\"default__block container-fluid lg \">\n<p>Nous respectons votre vie priv\u00e9e et n&rsquo;installerons d\u00e8s lors des cookies que si vous le souhaitez, exception faite des cookies strictement n\u00e9cessaires. (voir 3. Gestion des cookies)<\/p>\n<\/div>\n\n<div class=\"default__block container-fluid lg \">\n<p>Si vous choisissez de ne pas accepter certains cookies, nous ne pourrons peut-\u00eatre pas garantir une exp\u00e9rience optimale de notre site web et services.<\/p>\n<\/div>\n\n<div class=\"default__block container-fluid lg \">\n<h2 class=\"wp-block-heading\">3. Quels cookies utilisons-nous et \u00e0 quelle fin?<\/h2>\n<\/div>\n\n<div class=\"default__block container-fluid lg \">\n<p>Cat Chef classe les cookies dans l&rsquo;une des 4 cat\u00e9gories suivantes, en fonction de l\u2019objectif du cookie.<\/p>\n<\/div>\n\n<div class=\"default__block container-fluid lg \">\n<p>Vous trouverez ci-dessous une liste de cookies que nous utilisons, par cat\u00e9gorie.<\/p>\n<\/div>\n\n<div class=\"default__block container-fluid lg \">\n<p>Des cookies peuvent \u00e9galement \u00eatre plac\u00e9s par des tiers, notamment \u00e0 des fins de marketing. Cliquez&nbsp;<a href=\"https:\/\/business.safety.google\/privacy\/\">ici<\/a>&nbsp;si vous souhaitez en savoir plus sur comme Google traite vos donn\u00e9es personnelles.<\/p>\n<\/div>\n\n<div class=\"default__block container-fluid lg \">\n<p>Nous scannons r\u00e9guli\u00e8rement notre site web afin d&rsquo;actualiser cette liste.<\/p>\n<\/div>\n\n<div class=\"default__block container-fluid lg \">\n<!-- OneTrust Cookies List start -->\n<div id=\"ot-sdk-cookie-policy\"><\/div>\n<!-- OneTrust Cookies List end -->\n<\/div>","protected":false},"excerpt":{"rendered":"<p>POLITIQUE DES COOKIES Le site web Cat Chef (ci-apr\u00e8s d\u00e9nomm\u00e9 \u00ab notre site web \u00bb), utilise des cookies et des technologies analogues. Ces outils sont essentiels pour vous fournir une exp\u00e9rience utilisateur optimale lors de votre visite sur notre site web. Cette politique en mati\u00e8re de cookies explique ce que sont les cookies, les objectifs [&hellip;]<\/p>\n","protected":false},"author":5,"featured_media":0,"parent":0,"menu_order":0,"comment_status":"closed","ping_status":"closed","template":"","meta":{"_acf_changed":false,"inline_featured_image":false,"footnotes":""},"pagetype":[],"class_list":["post-4182","page","type-page","status-publish","hentry"],"acf":[],"yoast_head":"<!-- This site is optimized with the Yoast SEO plugin v22.1 - https:\/\/yoast.com\/wordpress\/plugins\/seo\/ -->\n<title>POLITIQUE DES COOKIES - Catchef<\/title>\n<meta name=\"robots\" content=\"index, follow, max-snippet:-1, max-image-preview:large, max-video-preview:-1\" \/>\n<link rel=\"canonical\" href=\"https:\/\/dev-wp.catchef.com\/fr\/politique-cookies\/\" \/>\n<meta property=\"og:locale\" content=\"fr_FR\" \/>\n<meta property=\"og:type\" content=\"article\" \/>\n<meta property=\"og:title\" content=\"POLITIQUE DES COOKIES - Catchef\" \/>\n<meta property=\"og:description\" content=\"POLITIQUE DES COOKIES Le site web Cat Chef (ci-apr\u00e8s d\u00e9nomm\u00e9 \u00ab notre site web \u00bb), utilise des cookies et des technologies analogues. Ces outils sont essentiels pour vous fournir une exp\u00e9rience utilisateur optimale lors de votre visite sur notre site web. Cette politique en mati\u00e8re de cookies explique ce que sont les cookies, les objectifs [&hellip;]\" \/>\n<meta property=\"og:url\" content=\"https:\/\/dev-wp.catchef.com\/fr\/politique-cookies\/\" \/>\n<meta property=\"og:site_name\" content=\"Catchef\" \/>\n<meta property=\"article:modified_time\" content=\"2025-03-17T16:36:11+00:00\" \/>\n<meta name=\"twitter:card\" content=\"summary_large_image\" \/>\n<meta name=\"twitter:label1\" content=\"Dur\u00e9e de lecture estim\u00e9e\" \/>\n\t<meta name=\"twitter:data1\" content=\"3 minutes\" \/>\n<script type=\"application\/ld+json\" class=\"yoast-schema-graph\">{\"@context\":\"https:\/\/schema.org\",\"@graph\":[{\"@type\":\"WebPage\",\"@id\":\"https:\/\/dev-wp.catchef.com\/fr\/politique-cookies\/\",\"url\":\"https:\/\/dev-wp.catchef.com\/fr\/politique-cookies\/\",\"name\":\"POLITIQUE DES COOKIES - Catchef\",\"isPartOf\":{\"@id\":\"https:\/\/dev-wp.catchef.com\/fr\/#website\"},\"datePublished\":\"2025-03-17T16:31:52+00:00\",\"dateModified\":\"2025-03-17T16:36:11+00:00\",\"breadcrumb\":{\"@id\":\"https:\/\/dev-wp.catchef.com\/fr\/politique-cookies\/#breadcrumb\"},\"inLanguage\":\"fr-FR\",\"potentialAction\":[{\"@type\":\"ReadAction\",\"target\":[\"https:\/\/dev-wp.catchef.com\/fr\/politique-cookies\/\"]}]},{\"@type\":\"BreadcrumbList\",\"@id\":\"https:\/\/dev-wp.catchef.com\/fr\/politique-cookies\/#breadcrumb\",\"itemListElement\":[{\"@type\":\"ListItem\",\"position\":1,\"name\":\"Home\",\"item\":\"https:\/\/dev-wp.catchef.com\/fr\/\"},{\"@type\":\"ListItem\",\"position\":2,\"name\":\"POLITIQUE DES COOKIES\"}]},{\"@type\":\"WebSite\",\"@id\":\"https:\/\/dev-wp.catchef.com\/fr\/#website\",\"url\":\"https:\/\/dev-wp.catchef.com\/fr\/\",\"name\":\"Catchef\",\"description\":\"\",\"potentialAction\":[{\"@type\":\"SearchAction\",\"target\":{\"@type\":\"EntryPoint\",\"urlTemplate\":\"https:\/\/dev-wp.catchef.com\/fr\/?s={search_term_string}\"},\"query-input\":\"required name=search_term_string\"}],\"inLanguage\":\"fr-FR\"}]}<\/script>\n<!-- \/ Yoast SEO plugin. -->","yoast_head_json":{"title":"POLITIQUE DES COOKIES - Catchef","robots":{"index":"index","follow":"follow","max-snippet":"max-snippet:-1","max-image-preview":"max-image-preview:large","max-video-preview":"max-video-preview:-1"},"canonical":"https:\/\/dev-wp.catchef.com\/fr\/politique-cookies\/","og_locale":"fr_FR","og_type":"article","og_title":"POLITIQUE DES COOKIES - Catchef","og_description":"POLITIQUE DES COOKIES Le site web Cat Chef (ci-apr\u00e8s d\u00e9nomm\u00e9 \u00ab notre site web \u00bb), utilise des cookies et des technologies analogues. Ces outils sont essentiels pour vous fournir une exp\u00e9rience utilisateur optimale lors de votre visite sur notre site web. Cette politique en mati\u00e8re de cookies explique ce que sont les cookies, les objectifs [&hellip;]","og_url":"https:\/\/dev-wp.catchef.com\/fr\/politique-cookies\/","og_site_name":"Catchef","article_modified_time":"2025-03-17T16:36:11+00:00","twitter_card":"summary_large_image","twitter_misc":{"Dur\u00e9e de lecture estim\u00e9e":"3 minutes"},"schema":{"@context":"https:\/\/schema.org","@graph":[{"@type":"WebPage","@id":"https:\/\/dev-wp.catchef.com\/fr\/politique-cookies\/","url":"https:\/\/dev-wp.catchef.com\/fr\/politique-cookies\/","name":"POLITIQUE DES COOKIES - Catchef","isPartOf":{"@id":"https:\/\/dev-wp.catchef.com\/fr\/#website"},"datePublished":"2025-03-17T16:31:52+00:00","dateModified":"2025-03-17T16:36:11+00:00","breadcrumb":{"@id":"https:\/\/dev-wp.catchef.com\/fr\/politique-cookies\/#breadcrumb"},"inLanguage":"fr-FR","potentialAction":[{"@type":"ReadAction","target":["https:\/\/dev-wp.catchef.com\/fr\/politique-cookies\/"]}]},{"@type":"BreadcrumbList","@id":"https:\/\/dev-wp.catchef.com\/fr\/politique-cookies\/#breadcrumb","itemListElement":[{"@type":"ListItem","position":1,"name":"Home","item":"https:\/\/dev-wp.catchef.com\/fr\/"},{"@type":"ListItem","position":2,"name":"POLITIQUE DES COOKIES"}]},{"@type":"WebSite","@id":"https:\/\/dev-wp.catchef.com\/fr\/#website","url":"https:\/\/dev-wp.catchef.com\/fr\/","name":"Catchef","description":"","potentialAction":[{"@type":"SearchAction","target":{"@type":"EntryPoint","urlTemplate":"https:\/\/dev-wp.catchef.com\/fr\/?s={search_term_string}"},"query-input":"required name=search_term_string"}],"inLanguage":"fr-FR"}]}},"_links":{"self":[{"href":"https:\/\/dev-wp.catchef.com\/fr\/wp-json\/wp\/v2\/pages\/4182","targetHints":{"allow":["GET"]}}],"collection":[{"href":"https:\/\/dev-wp.catchef.com\/fr\/wp-json\/wp\/v2\/pages"}],"about":[{"href":"https:\/\/dev-wp.catchef.com\/fr\/wp-json\/wp\/v2\/types\/page"}],"author":[{"embeddable":true,"href":"https:\/\/dev-wp.catchef.com\/fr\/wp-json\/wp\/v2\/users\/5"}],"replies":[{"embeddable":true,"href":"https:\/\/dev-wp.catchef.com\/fr\/wp-json\/wp\/v2\/comments?post=4182"}],"version-history":[{"count":2,"href":"https:\/\/dev-wp.catchef.com\/fr\/wp-json\/wp\/v2\/pages\/4182\/revisions"}],"predecessor-version":[{"id":4195,"href":"https:\/\/dev-wp.catchef.com\/fr\/wp-json\/wp\/v2\/pages\/4182\/revisions\/4195"}],"wp:attachment":[{"href":"https:\/\/dev-wp.catchef.com\/fr\/wp-json\/wp\/v2\/media?parent=4182"}],"wp:term":[{"taxonomy":"pagetype","embeddable":true,"href":"https:\/\/dev-wp.catchef.com\/fr\/wp-json\/wp\/v2\/pagetype?post=4182"}],"curies":[{"name":"wp","href":"https:\/\/api.w.org\/{rel}","templated":true}]}}