{"id":3826,"date":"2024-05-08T13:00:08","date_gmt":"2024-05-08T11:00:08","guid":{"rendered":"https:\/\/dev-wp.catchef.com\/?page_id=3826"},"modified":"2024-05-08T13:09:04","modified_gmt":"2024-05-08T11:09:04","slug":"votre-avis-compte-pour-nous","status":"publish","type":"page","link":"https:\/\/dev-wp.catchef.com\/fr\/votre-avis-compte-pour-nous\/","title":{"rendered":"Votre avis compte pour nous"},"content":{"rendered":"<div class=\"default__block container-fluid lg \">\n<h2 class=\"wp-block-heading has-text-align-center\">Votre avis compte pour nous !<\/h2>\n<\/div>\n\n<div class=\"default__block container-fluid lg \">\n<div class=\"wp-block-group\"><div class=\"wp-block-group__inner-container is-layout-constrained wp-block-group-is-layout-constrained\"><div class=\"default__block container-fluid lg \">\n<div class=\"wp-block-columns are-vertically-aligned-center is-layout-flex wp-container-core-columns-is-layout-9d6595d7 wp-block-columns-is-layout-flex\"><div class=\"default__block container-fluid lg \">\n<div class=\"wp-block-column is-layout-flow wp-block-column-is-layout-flow\"><\/div>\n<\/div>\n\n<div class=\"default__block container-fluid lg \">\n<div class=\"wp-block-column is-layout-flow wp-block-column-is-layout-flow\"><div class=\"default__block container-fluid lg \">\n<figure class=\"wp-block-image size-full is-resized\"><img loading=\"lazy\" decoding=\"async\" width=\"607\" height=\"378\" src=\"https:\/\/dev-wp.catchef.com\/wp-content\/uploads\/2024\/03\/Rectangle-1120.png\" alt=\"\" class=\"wp-image-2310\" style=\"width:276px;height:auto\"\/><\/figure>\n<\/div><\/div>\n<\/div>\n\n<div class=\"default__block container-fluid lg \">\n<div class=\"wp-block-column is-layout-flow wp-block-column-is-layout-flow\"><\/div>\n<\/div><\/div>\n<\/div><\/div>\n<\/div><\/div>\n\n<div class=\"default__block container-fluid lg \">\n<h5 class=\"wp-block-heading has-text-align-center\"><strong>Pour chaque avis publi\u00e9, nous vous offrons avec plaisir<\/strong><br><strong>-5% sur votre prochaine commande !<\/strong><\/h5>\n<\/div>\n\n<div class=\"default__block container-fluid lg \">\n<p><\/p>\n<\/div>\n\n<div class=\"default__block container-fluid lg \">\n<h6 class=\"wp-block-heading has-text-align-center\">Vous nous aidez ainsi \u00e0 am\u00e9liorer l&rsquo;alimentation de plus de chats gr\u00e2ce \u00e0 une nourriture de qualit\u00e9 <\/h6>\n<\/div>\n\n<div class=\"default__block container-fluid lg \">\n<h6 class=\"wp-block-heading has-text-align-center\">Evaluez votre exp\u00e9rience Cat Chef en cliquant ci-dessous sur la(les) plateforme(s) choisie(s)<\/h6>\n<\/div>\n\n<div class=\"default__block container-fluid lg \">\n<div class=\"wp-block-columns is-layout-flex wp-container-core-columns-is-layout-9d6595d7 wp-block-columns-is-layout-flex\"><div class=\"default__block container-fluid lg \">\n<div class=\"wp-block-column is-layout-flow wp-block-column-is-layout-flow\"><div class=\"default__block container-fluid lg \">\n<figure class=\"wp-block-image size-full is-resized\"><a href=\"https:\/\/www.google.com\/search?q=cat+chef&amp;oq=cat+chef&amp;gs_lcrp=EgZjaHJvbWUqCggAEAAY4wIYgAQyCggAEAAY4wIYgAQyDQgBEC4YrwEYxwEYgAQyBggCEEUYOzIICAMQABgWGB4yCAgEEAAYFhgeMgYIBRBFGDwyBggGEEUYPDIGCAcQRRg8qAIAsAIA&amp;sourceid=chrome&amp;ie=UTF-8\"><img loading=\"lazy\" decoding=\"async\" width=\"5678\" height=\"1893\" src=\"https:\/\/dev-wp.catchef.com\/wp-content\/uploads\/2024\/05\/Logo_Google-1.png\" alt=\"\" class=\"wp-image-3838\" style=\"width:188px;height:auto\"\/><\/a><\/figure>\n<\/div><\/div>\n<\/div>\n\n<div class=\"default__block container-fluid lg \">\n<div class=\"wp-block-column is-layout-flow wp-block-column-is-layout-flow\"><div class=\"wp-block-image is-style-default\"><div class=\"default__block container-fluid lg is-style-default\">\n<figure class=\"aligncenter size-full is-resized\"><a href=\"https:\/\/www.facebook.com\/catcheffood\/\"><img loading=\"lazy\" decoding=\"async\" width=\"512\" height=\"256\" src=\"https:\/\/dev-wp.catchef.com\/wp-content\/uploads\/2024\/05\/facebook_logo_icon_169183.png\" alt=\"\" class=\"wp-image-3846\" style=\"width:218px;height:auto\"\/><\/a><\/figure>\n<\/div><\/div><\/div>\n<\/div>\n\n<div class=\"default__block container-fluid lg \">\n<div class=\"wp-block-column is-layout-flow wp-block-column-is-layout-flow\"><div class=\"default__block container-fluid lg \">\n<figure class=\"wp-block-image size-full is-resized\"><a href=\"https:\/\/fr.trustpilot.com\/review\/catchef.com\"><img loading=\"lazy\" decoding=\"async\" width=\"978\" height=\"273\" src=\"https:\/\/dev-wp.catchef.com\/wp-content\/uploads\/2024\/05\/Trustpilot_new_logo.webp\" alt=\"\" class=\"wp-image-3850\" style=\"width:244px;height:auto\"\/><\/a><\/figure>\n<\/div><\/div>\n<\/div><\/div>\n<\/div>\n\n<div class=\"default__block container-fluid lg \">\n<p class=\"has-text-align-center\">Envoyez nous un mail d\u00e8s que c&rsquo;est fait, et nous ajouterons votre r\u00e9duction \u00e0 votre prochaine commande<br><a href=\"mailto:contact@catchef.com\">contact@catchef.com <\/a><\/p>\n<\/div>","protected":false},"excerpt":{"rendered":"<p>Votre avis compte pour nous ! Pour chaque avis publi\u00e9, nous vous offrons avec plaisir-5% sur votre prochaine commande ! Vous nous aidez ainsi \u00e0 am\u00e9liorer l&rsquo;alimentation de plus de chats gr\u00e2ce \u00e0 une nourriture de qualit\u00e9 Evaluez votre exp\u00e9rience Cat Chef en cliquant ci-dessous sur la(les) plateforme(s) choisie(s) Envoyez nous un mail d\u00e8s que [&hellip;]<\/p>\n","protected":false},"author":3,"featured_media":0,"parent":0,"menu_order":0,"comment_status":"closed","ping_status":"closed","template":"","meta":{"_acf_changed":false,"inline_featured_image":false,"footnotes":""},"pagetype":[],"class_list":["post-3826","page","type-page","status-publish","hentry"],"acf":[],"yoast_head":"<!-- This site is optimized with the Yoast SEO plugin v22.1 - https:\/\/yoast.com\/wordpress\/plugins\/seo\/ -->\n<title>Votre avis compte pour nous - Catchef<\/title>\n<meta name=\"robots\" content=\"index, follow, max-snippet:-1, max-image-preview:large, max-video-preview:-1\" \/>\n<link rel=\"canonical\" href=\"https:\/\/dev-wp.catchef.com\/fr\/votre-avis-compte-pour-nous\/\" \/>\n<meta property=\"og:locale\" content=\"fr_FR\" \/>\n<meta property=\"og:type\" content=\"article\" \/>\n<meta property=\"og:title\" content=\"Votre avis compte pour nous - Catchef\" \/>\n<meta property=\"og:description\" content=\"Votre avis compte pour nous ! Pour chaque avis publi\u00e9, nous vous offrons avec plaisir-5% sur votre prochaine commande ! Vous nous aidez ainsi \u00e0 am\u00e9liorer l&rsquo;alimentation de plus de chats gr\u00e2ce \u00e0 une nourriture de qualit\u00e9 Evaluez votre exp\u00e9rience Cat Chef en cliquant ci-dessous sur la(les) plateforme(s) choisie(s) Envoyez nous un mail d\u00e8s que [&hellip;]\" \/>\n<meta property=\"og:url\" content=\"https:\/\/dev-wp.catchef.com\/fr\/votre-avis-compte-pour-nous\/\" \/>\n<meta property=\"og:site_name\" content=\"Catchef\" \/>\n<meta property=\"article:modified_time\" content=\"2024-05-08T11:09:04+00:00\" \/>\n<meta property=\"og:image\" content=\"https:\/\/dev-wp.catchef.com\/wp-content\/uploads\/2024\/03\/Rectangle-1120.png\" \/>\n<meta name=\"twitter:card\" content=\"summary_large_image\" \/>\n<meta name=\"twitter:label1\" content=\"Dur\u00e9e de lecture estim\u00e9e\" \/>\n\t<meta name=\"twitter:data1\" content=\"2 minutes\" \/>\n<script type=\"application\/ld+json\" class=\"yoast-schema-graph\">{\"@context\":\"https:\/\/schema.org\",\"@graph\":[{\"@type\":\"WebPage\",\"@id\":\"https:\/\/dev-wp.catchef.com\/fr\/votre-avis-compte-pour-nous\/\",\"url\":\"https:\/\/dev-wp.catchef.com\/fr\/votre-avis-compte-pour-nous\/\",\"name\":\"Votre avis compte pour nous - Catchef\",\"isPartOf\":{\"@id\":\"https:\/\/dev-wp.catchef.com\/fr\/#website\"},\"datePublished\":\"2024-05-08T11:00:08+00:00\",\"dateModified\":\"2024-05-08T11:09:04+00:00\",\"breadcrumb\":{\"@id\":\"https:\/\/dev-wp.catchef.com\/fr\/votre-avis-compte-pour-nous\/#breadcrumb\"},\"inLanguage\":\"fr-FR\",\"potentialAction\":[{\"@type\":\"ReadAction\",\"target\":[\"https:\/\/dev-wp.catchef.com\/fr\/votre-avis-compte-pour-nous\/\"]}]},{\"@type\":\"BreadcrumbList\",\"@id\":\"https:\/\/dev-wp.catchef.com\/fr\/votre-avis-compte-pour-nous\/#breadcrumb\",\"itemListElement\":[{\"@type\":\"ListItem\",\"position\":1,\"name\":\"Home\",\"item\":\"https:\/\/dev-wp.catchef.com\/fr\/\"},{\"@type\":\"ListItem\",\"position\":2,\"name\":\"Votre avis compte pour nous\"}]},{\"@type\":\"WebSite\",\"@id\":\"https:\/\/dev-wp.catchef.com\/fr\/#website\",\"url\":\"https:\/\/dev-wp.catchef.com\/fr\/\",\"name\":\"Catchef\",\"description\":\"\",\"potentialAction\":[{\"@type\":\"SearchAction\",\"target\":{\"@type\":\"EntryPoint\",\"urlTemplate\":\"https:\/\/dev-wp.catchef.com\/fr\/?s={search_term_string}\"},\"query-input\":\"required name=search_term_string\"}],\"inLanguage\":\"fr-FR\"}]}<\/script>\n<!-- \/ Yoast SEO plugin. -->","yoast_head_json":{"title":"Votre avis compte pour nous - Catchef","robots":{"index":"index","follow":"follow","max-snippet":"max-snippet:-1","max-image-preview":"max-image-preview:large","max-video-preview":"max-video-preview:-1"},"canonical":"https:\/\/dev-wp.catchef.com\/fr\/votre-avis-compte-pour-nous\/","og_locale":"fr_FR","og_type":"article","og_title":"Votre avis compte pour nous - Catchef","og_description":"Votre avis compte pour nous ! Pour chaque avis publi\u00e9, nous vous offrons avec plaisir-5% sur votre prochaine commande ! Vous nous aidez ainsi \u00e0 am\u00e9liorer l&rsquo;alimentation de plus de chats gr\u00e2ce \u00e0 une nourriture de qualit\u00e9 Evaluez votre exp\u00e9rience Cat Chef en cliquant ci-dessous sur la(les) plateforme(s) choisie(s) Envoyez nous un mail d\u00e8s que [&hellip;]","og_url":"https:\/\/dev-wp.catchef.com\/fr\/votre-avis-compte-pour-nous\/","og_site_name":"Catchef","article_modified_time":"2024-05-08T11:09:04+00:00","og_image":[{"url":"https:\/\/dev-wp.catchef.com\/wp-content\/uploads\/2024\/03\/Rectangle-1120.png"}],"twitter_card":"summary_large_image","twitter_misc":{"Dur\u00e9e de lecture estim\u00e9e":"2 minutes"},"schema":{"@context":"https:\/\/schema.org","@graph":[{"@type":"WebPage","@id":"https:\/\/dev-wp.catchef.com\/fr\/votre-avis-compte-pour-nous\/","url":"https:\/\/dev-wp.catchef.com\/fr\/votre-avis-compte-pour-nous\/","name":"Votre avis compte pour nous - Catchef","isPartOf":{"@id":"https:\/\/dev-wp.catchef.com\/fr\/#website"},"datePublished":"2024-05-08T11:00:08+00:00","dateModified":"2024-05-08T11:09:04+00:00","breadcrumb":{"@id":"https:\/\/dev-wp.catchef.com\/fr\/votre-avis-compte-pour-nous\/#breadcrumb"},"inLanguage":"fr-FR","potentialAction":[{"@type":"ReadAction","target":["https:\/\/dev-wp.catchef.com\/fr\/votre-avis-compte-pour-nous\/"]}]},{"@type":"BreadcrumbList","@id":"https:\/\/dev-wp.catchef.com\/fr\/votre-avis-compte-pour-nous\/#breadcrumb","itemListElement":[{"@type":"ListItem","position":1,"name":"Home","item":"https:\/\/dev-wp.catchef.com\/fr\/"},{"@type":"ListItem","position":2,"name":"Votre avis compte pour nous"}]},{"@type":"WebSite","@id":"https:\/\/dev-wp.catchef.com\/fr\/#website","url":"https:\/\/dev-wp.catchef.com\/fr\/","name":"Catchef","description":"","potentialAction":[{"@type":"SearchAction","target":{"@type":"EntryPoint","urlTemplate":"https:\/\/dev-wp.catchef.com\/fr\/?s={search_term_string}"},"query-input":"required name=search_term_string"}],"inLanguage":"fr-FR"}]}},"_links":{"self":[{"href":"https:\/\/dev-wp.catchef.com\/fr\/wp-json\/wp\/v2\/pages\/3826","targetHints":{"allow":["GET"]}}],"collection":[{"href":"https:\/\/dev-wp.catchef.com\/fr\/wp-json\/wp\/v2\/pages"}],"about":[{"href":"https:\/\/dev-wp.catchef.com\/fr\/wp-json\/wp\/v2\/types\/page"}],"author":[{"embeddable":true,"href":"https:\/\/dev-wp.catchef.com\/fr\/wp-json\/wp\/v2\/users\/3"}],"replies":[{"embeddable":true,"href":"https:\/\/dev-wp.catchef.com\/fr\/wp-json\/wp\/v2\/comments?post=3826"}],"version-history":[{"count":10,"href":"https:\/\/dev-wp.catchef.com\/fr\/wp-json\/wp\/v2\/pages\/3826\/revisions"}],"predecessor-version":[{"id":3856,"href":"https:\/\/dev-wp.catchef.com\/fr\/wp-json\/wp\/v2\/pages\/3826\/revisions\/3856"}],"wp:attachment":[{"href":"https:\/\/dev-wp.catchef.com\/fr\/wp-json\/wp\/v2\/media?parent=3826"}],"wp:term":[{"taxonomy":"pagetype","embeddable":true,"href":"https:\/\/dev-wp.catchef.com\/fr\/wp-json\/wp\/v2\/pagetype?post=3826"}],"curies":[{"name":"wp","href":"https:\/\/api.w.org\/{rel}","templated":true}]}}