{"id":4190,"date":"2025-03-17T17:31:52","date_gmt":"2025-03-17T16:31:52","guid":{"rendered":"https:\/\/dev-wp.catchef.com\/?page_id=4190"},"modified":"2025-03-19T10:14:38","modified_gmt":"2025-03-19T09:14:38","slug":"cookie-richtlinie","status":"publish","type":"page","link":"https:\/\/dev-wp.catchef.com\/de\/cookie-richtlinie\/","title":{"rendered":"Cookie Richtlinie"},"content":{"rendered":"<div class=\"default__block container-fluid lg \">\n<h1 class=\"wp-block-heading\">Cookie-Richtlinie<\/h1>\n<\/div>\n\n<div class=\"default__block container-fluid lg \">\n<p>Unsere Website verwendet Cookies und \u00e4hnliche Technologien. Diese erm\u00f6glichen es uns unter anderem, dir bei jedem Besuch unserer Website ein optimales Surferlebnis zu bieten.<\/p>\n<\/div>\n\n<div class=\"default__block container-fluid lg \">\n<p>In dieser Cookie-Richtlinie findest du Informationen dar\u00fcber, was Cookies sind, wof\u00fcr wir sie verwenden und wie du deine Einstellungen und Pr\u00e4ferenzen verwalten kannst. Wir geben dir auch einen \u00dcberblick \u00fcber alle Cookies, die wir nach Kategorien setzen.<\/p>\n<\/div>\n\n<div class=\"default__block container-fluid lg \">\n<p>Diese Cookie-Richtlinie gilt f\u00fcr folgende Website:<\/p>\n<\/div>\n\n<div class=\"default__block container-fluid lg \">\n<p>catchef.com (und seine Subdomains) \u2013 Diese Website wird von Fresh Chef SPRL verwaltet, im Folgenden als Cat Chef bezeichnet, mit Hauptsitz in Wolfshaegen 2A, 3040 Huldenberg, USt-IdNr. BE 0650 765 476.<\/p>\n<\/div>\n\n<div class=\"default__block container-fluid lg \">\n<h2 class=\"wp-block-heading\">1. Was sind Cookies?<\/h2>\n<\/div>\n\n<div class=\"default__block container-fluid lg \">\n<p>Cookies sind kleine Textdateien, die eine Website \u00fcber deinen Browser vor\u00fcbergehend oder dauerhaft auf deinem Computer oder Mobilger\u00e4t platziert. Sie enthalten Informationen (z.B. deine Sprachauswahl) und werden bei jedem Besuch der Website selbst oder bestimmter Seiten platziert oder gescannt. Cookies k\u00f6nnen auch von Dritten platziert werden, mit denen Cat Chef zusammenarbeitet.<\/p>\n<\/div>\n\n<div class=\"default__block container-fluid lg \">\n<p>Cookies k\u00f6nnen verschiedene Funktionen haben: Sie sch\u00fctzen die Website vor Betrug, passen die Website an deine Pr\u00e4ferenzen an, verarbeiten Daten zur Analyse der Funktionsweise unserer Website und richten Werbung auf das aus, was dich interessieren k\u00f6nnte.<\/p>\n<\/div>\n\n<div class=\"default__block container-fluid lg \">\n<h2 class=\"wp-block-heading\">2 . Verwendung von Cookies auf unserer Website<\/h2>\n<\/div>\n\n<div class=\"default__block container-fluid lg \">\n<p>Die Cat Chef Website verwendet Cookies f\u00fcr verschiedene Zwecke:<\/p>\n<\/div>\n\n<div class=\"default__block container-fluid lg \">\n<ul class=\"wp-block-list\"><div class=\"default__block container-fluid lg \">\n<li>Unbedingt notwendige Cookies erm\u00f6glichen es uns, unsere Website zu sichern und ihre ordnungsgem\u00e4\u00dfe Funktion zu gew\u00e4hrleisten. Dies sind Cookies, die absolut notwendig sind und die du daher nicht ablehnen kannst. Zum Beispiel verwenden wir diese Cookies, um die Verbindung zwischen unserem Server und deiner Sitzung zu sichern.<\/li>\n<\/div>\n\n<div class=\"default__block container-fluid lg \">\n<li>Funktionale Cookies erm\u00f6glichen es uns, deine pers\u00f6nlichen Einstellungen zu speichern, damit wir dich nicht jedes Mal danach fragen m\u00fcssen. Wir k\u00f6nnen deinen Komfort bei jedem Besuch unserer Website optimieren. Dies kann zum Beispiel deine Sprachauswahl sein.<\/li>\n<\/div>\n\n<div class=\"default__block container-fluid lg \">\n<li>Analyse-Cookies erm\u00f6glichen es uns, die Nutzung unserer Website zu analysieren und auf dieser Basis Verbesserungen vorzunehmen oder Probleme zu l\u00f6sen. Dies k\u00f6nnte beispielsweise die Anzahl der Besucher sein, die eine bestimmte Seite besuchen oder auf ein Banner auf unserer Website klicken.<\/li>\n<\/div>\n\n<div class=\"default__block container-fluid lg \">\n<li>Werbe-Cookies erm\u00f6glichen es uns, dir kommerzielle Informationen anzuzeigen, die f\u00fcr dich von Interesse sein k\u00f6nnten.<\/li>\n<\/div><\/ul>\n<\/div>\n\n<div class=\"default__block container-fluid lg \">\n<p>Cookies haben ein Ablaufdatum. In den Cookie-Details in unserer Liste (siehe unten) kannst du sehen, wie lange jeder Cookie g\u00fcltig ist. Session-Cookies werden beispielsweise automatisch gel\u00f6scht, wenn du deinen Browser schlie\u00dft.<\/p>\n<\/div>\n\n<div class=\"default__block container-fluid lg \">\n<p>Wir respektieren deine Privatsph\u00e4re und werden daher nur Cookies platzieren, wenn du dies w\u00fcnschst, mit Ausnahme von unbedingt notwendigen Cookies. (siehe 4. Verwaltung von Cookies)<\/p>\n<\/div>\n\n<div class=\"default__block container-fluid lg \">\n<p>Wenn du dich entscheidest, bestimmte Cookies nicht zu akzeptieren, k\u00f6nnen wir dir m\u00f6glicherweise nicht das beste Erlebnis von unserer Website oder unseren Diensten garantieren.<\/p>\n<\/div>\n\n<div class=\"default__block container-fluid lg \">\n<h2 class=\"wp-block-heading\">3. Welche Cookies verwenden wir und wof\u00fcr verwenden wir sie?<\/h2>\n<\/div>\n\n<div class=\"default__block container-fluid lg \">\n<p>CatChef ordnet seine Cookies je nach Zweck des Cookies einer der folgenden 4 Kategorien zu.<\/p>\n<\/div>\n\n<div class=\"default__block container-fluid lg \">\n<p>Nachfolgend findest du eine Liste der von uns verwendeten Cookies nach Kategorien.<\/p>\n<\/div>\n\n<div class=\"default__block container-fluid lg \">\n<p>Cookies k\u00f6nnen auch von Dritten platziert werden, insbesondere f\u00fcr Marketingzwecke. Klicke hier, wenn du mehr dar\u00fcber erfahren m\u00f6chtest, wie Google deine personenbezogenen Daten verarbeitet.<\/p>\n<\/div>\n\n<div class=\"default__block container-fluid lg \">\n<p>Wir scannen unsere Website regelm\u00e4\u00dfig, um diese Liste aktuell zu halten.<\/p>\n<\/div>\n\n<div class=\"default__block container-fluid lg \">\n<!-- OneTrust Cookies List start -->\n<div id=\"ot-sdk-cookie-policy\"><\/div>\n<!-- OneTrust Cookies List end -->\n<\/div>","protected":false},"excerpt":{"rendered":"<p>Cookie-Richtlinie Unsere Website verwendet Cookies und \u00e4hnliche Technologien. Diese erm\u00f6glichen es uns unter anderem, dir bei jedem Besuch unserer Website ein optimales Surferlebnis zu bieten. In dieser Cookie-Richtlinie findest du Informationen dar\u00fcber, was Cookies sind, wof\u00fcr wir sie verwenden und wie du deine Einstellungen und Pr\u00e4ferenzen verwalten kannst. Wir geben dir auch einen \u00dcberblick \u00fcber [&hellip;]<\/p>\n","protected":false},"author":5,"featured_media":0,"parent":0,"menu_order":0,"comment_status":"closed","ping_status":"closed","template":"","meta":{"_acf_changed":false,"inline_featured_image":false,"footnotes":""},"pagetype":[],"class_list":["post-4190","page","type-page","status-publish","hentry"],"acf":[],"yoast_head":"<!-- This site is optimized with the Yoast SEO plugin v22.1 - https:\/\/yoast.com\/wordpress\/plugins\/seo\/ -->\n<title>Cookie Richtlinie | CatChef<\/title>\n<meta name=\"robots\" content=\"index, follow, max-snippet:-1, max-image-preview:large, max-video-preview:-1\" \/>\n<link rel=\"canonical\" href=\"https:\/\/dev-wp.catchef.com\/de\/cookie-richtlinie\/\" \/>\n<meta property=\"og:locale\" content=\"de_DE\" \/>\n<meta property=\"og:type\" content=\"article\" \/>\n<meta property=\"og:title\" content=\"Cookie Richtlinie | CatChef\" \/>\n<meta property=\"og:description\" content=\"Cookie-Richtlinie Unsere Website verwendet Cookies und \u00e4hnliche Technologien. Diese erm\u00f6glichen es uns unter anderem, dir bei jedem Besuch unserer Website ein optimales Surferlebnis zu bieten. In dieser Cookie-Richtlinie findest du Informationen dar\u00fcber, was Cookies sind, wof\u00fcr wir sie verwenden und wie du deine Einstellungen und Pr\u00e4ferenzen verwalten kannst. Wir geben dir auch einen \u00dcberblick \u00fcber [&hellip;]\" \/>\n<meta property=\"og:url\" content=\"https:\/\/dev-wp.catchef.com\/de\/cookie-richtlinie\/\" \/>\n<meta property=\"og:site_name\" content=\"Catchef\" \/>\n<meta property=\"article:modified_time\" content=\"2025-03-19T09:14:38+00:00\" \/>\n<meta name=\"twitter:card\" content=\"summary_large_image\" \/>\n<meta name=\"twitter:label1\" content=\"Est. reading time\" \/>\n\t<meta name=\"twitter:data1\" content=\"3 minutes\" \/>\n<script type=\"application\/ld+json\" class=\"yoast-schema-graph\">{\"@context\":\"https:\/\/schema.org\",\"@graph\":[{\"@type\":\"WebPage\",\"@id\":\"https:\/\/dev-wp.catchef.com\/de\/cookie-richtlinie\/\",\"url\":\"https:\/\/dev-wp.catchef.com\/de\/cookie-richtlinie\/\",\"name\":\"Cookie Richtlinie | CatChef\",\"isPartOf\":{\"@id\":\"https:\/\/dev-wp.catchef.com\/de\/#website\"},\"datePublished\":\"2025-03-17T16:31:52+00:00\",\"dateModified\":\"2025-03-19T09:14:38+00:00\",\"breadcrumb\":{\"@id\":\"https:\/\/dev-wp.catchef.com\/de\/cookie-richtlinie\/#breadcrumb\"},\"inLanguage\":\"de-DE\",\"potentialAction\":[{\"@type\":\"ReadAction\",\"target\":[\"https:\/\/dev-wp.catchef.com\/de\/cookie-richtlinie\/\"]}]},{\"@type\":\"BreadcrumbList\",\"@id\":\"https:\/\/dev-wp.catchef.com\/de\/cookie-richtlinie\/#breadcrumb\",\"itemListElement\":[{\"@type\":\"ListItem\",\"position\":1,\"name\":\"Home\",\"item\":\"https:\/\/dev-wp.catchef.com\/de\/\"},{\"@type\":\"ListItem\",\"position\":2,\"name\":\"Cookie Richtlinie\"}]},{\"@type\":\"WebSite\",\"@id\":\"https:\/\/dev-wp.catchef.com\/de\/#website\",\"url\":\"https:\/\/dev-wp.catchef.com\/de\/\",\"name\":\"Catchef\",\"description\":\"\",\"potentialAction\":[{\"@type\":\"SearchAction\",\"target\":{\"@type\":\"EntryPoint\",\"urlTemplate\":\"https:\/\/dev-wp.catchef.com\/de\/?s={search_term_string}\"},\"query-input\":\"required name=search_term_string\"}],\"inLanguage\":\"de-DE\"}]}<\/script>\n<!-- \/ Yoast SEO plugin. -->","yoast_head_json":{"title":"Cookie Richtlinie | CatChef","robots":{"index":"index","follow":"follow","max-snippet":"max-snippet:-1","max-image-preview":"max-image-preview:large","max-video-preview":"max-video-preview:-1"},"canonical":"https:\/\/dev-wp.catchef.com\/de\/cookie-richtlinie\/","og_locale":"de_DE","og_type":"article","og_title":"Cookie Richtlinie | CatChef","og_description":"Cookie-Richtlinie Unsere Website verwendet Cookies und \u00e4hnliche Technologien. Diese erm\u00f6glichen es uns unter anderem, dir bei jedem Besuch unserer Website ein optimales Surferlebnis zu bieten. In dieser Cookie-Richtlinie findest du Informationen dar\u00fcber, was Cookies sind, wof\u00fcr wir sie verwenden und wie du deine Einstellungen und Pr\u00e4ferenzen verwalten kannst. Wir geben dir auch einen \u00dcberblick \u00fcber [&hellip;]","og_url":"https:\/\/dev-wp.catchef.com\/de\/cookie-richtlinie\/","og_site_name":"Catchef","article_modified_time":"2025-03-19T09:14:38+00:00","twitter_card":"summary_large_image","twitter_misc":{"Est. reading time":"3 minutes"},"schema":{"@context":"https:\/\/schema.org","@graph":[{"@type":"WebPage","@id":"https:\/\/dev-wp.catchef.com\/de\/cookie-richtlinie\/","url":"https:\/\/dev-wp.catchef.com\/de\/cookie-richtlinie\/","name":"Cookie Richtlinie | CatChef","isPartOf":{"@id":"https:\/\/dev-wp.catchef.com\/de\/#website"},"datePublished":"2025-03-17T16:31:52+00:00","dateModified":"2025-03-19T09:14:38+00:00","breadcrumb":{"@id":"https:\/\/dev-wp.catchef.com\/de\/cookie-richtlinie\/#breadcrumb"},"inLanguage":"de-DE","potentialAction":[{"@type":"ReadAction","target":["https:\/\/dev-wp.catchef.com\/de\/cookie-richtlinie\/"]}]},{"@type":"BreadcrumbList","@id":"https:\/\/dev-wp.catchef.com\/de\/cookie-richtlinie\/#breadcrumb","itemListElement":[{"@type":"ListItem","position":1,"name":"Home","item":"https:\/\/dev-wp.catchef.com\/de\/"},{"@type":"ListItem","position":2,"name":"Cookie Richtlinie"}]},{"@type":"WebSite","@id":"https:\/\/dev-wp.catchef.com\/de\/#website","url":"https:\/\/dev-wp.catchef.com\/de\/","name":"Catchef","description":"","potentialAction":[{"@type":"SearchAction","target":{"@type":"EntryPoint","urlTemplate":"https:\/\/dev-wp.catchef.com\/de\/?s={search_term_string}"},"query-input":"required name=search_term_string"}],"inLanguage":"de-DE"}]}},"_links":{"self":[{"href":"https:\/\/dev-wp.catchef.com\/de\/wp-json\/wp\/v2\/pages\/4190","targetHints":{"allow":["GET"]}}],"collection":[{"href":"https:\/\/dev-wp.catchef.com\/de\/wp-json\/wp\/v2\/pages"}],"about":[{"href":"https:\/\/dev-wp.catchef.com\/de\/wp-json\/wp\/v2\/types\/page"}],"author":[{"embeddable":true,"href":"https:\/\/dev-wp.catchef.com\/de\/wp-json\/wp\/v2\/users\/5"}],"replies":[{"embeddable":true,"href":"https:\/\/dev-wp.catchef.com\/de\/wp-json\/wp\/v2\/comments?post=4190"}],"version-history":[{"count":4,"href":"https:\/\/dev-wp.catchef.com\/de\/wp-json\/wp\/v2\/pages\/4190\/revisions"}],"predecessor-version":[{"id":4198,"href":"https:\/\/dev-wp.catchef.com\/de\/wp-json\/wp\/v2\/pages\/4190\/revisions\/4198"}],"wp:attachment":[{"href":"https:\/\/dev-wp.catchef.com\/de\/wp-json\/wp\/v2\/media?parent=4190"}],"wp:term":[{"taxonomy":"pagetype","embeddable":true,"href":"https:\/\/dev-wp.catchef.com\/de\/wp-json\/wp\/v2\/pagetype?post=4190"}],"curies":[{"name":"wp","href":"https:\/\/api.w.org\/{rel}","templated":true}]}}