{"id":3511,"date":"2024-04-03T12:21:40","date_gmt":"2024-04-03T10:21:40","guid":{"rendered":"https:\/\/dev-wp.catchef.com\/tableau\/"},"modified":"2024-04-03T12:23:32","modified_gmt":"2024-04-03T10:23:32","slug":"tabelle","status":"publish","type":"page","link":"https:\/\/dev-wp.catchef.com\/de\/tabelle\/","title":{"rendered":"Tabelle"},"content":{"rendered":"","protected":false},"excerpt":{"rendered":"","protected":false},"author":1,"featured_media":0,"parent":0,"menu_order":0,"comment_status":"closed","ping_status":"closed","template":"templates\/t-calculator.php","meta":{"_acf_changed":false,"inline_featured_image":false,"footnotes":""},"pagetype":[],"class_list":["post-3511","page","type-page","status-publish","hentry"],"acf":[],"yoast_head":"<!-- This site is optimized with the Yoast SEO plugin v22.1 - https:\/\/yoast.com\/wordpress\/plugins\/seo\/ -->\n<title>Empfohlene Mengen Tabelle f\u00fcr Katzen - Cat Chef<\/title>\n<meta name=\"description\" content=\"Finden Sie die perfekte Futtermenge mit unserer Tabelle f\u00fcr Katzen. Sorgen Sie f\u00fcr eine ausgewogene Ern\u00e4hrung, angepasst an Alter und Gewicht Ihrer Katze.\" \/>\n<meta name=\"robots\" content=\"index, follow, max-snippet:-1, max-image-preview:large, max-video-preview:-1\" \/>\n<link rel=\"canonical\" href=\"https:\/\/dev-wp.catchef.com\/de\/tabelle\/\" \/>\n<meta property=\"og:locale\" content=\"de_DE\" \/>\n<meta property=\"og:type\" content=\"article\" \/>\n<meta property=\"og:title\" content=\"Empfohlene Mengen Tabelle f\u00fcr Katzen - Cat Chef\" \/>\n<meta property=\"og:description\" content=\"Finden Sie die perfekte Futtermenge mit unserer Tabelle f\u00fcr Katzen. Sorgen Sie f\u00fcr eine ausgewogene Ern\u00e4hrung, angepasst an Alter und Gewicht Ihrer Katze.\" \/>\n<meta property=\"og:url\" content=\"https:\/\/dev-wp.catchef.com\/de\/tabelle\/\" \/>\n<meta property=\"og:site_name\" content=\"Catchef\" \/>\n<meta property=\"article:modified_time\" content=\"2024-04-03T10:23:32+00:00\" \/>\n<meta name=\"twitter:card\" content=\"summary_large_image\" \/>\n<script type=\"application\/ld+json\" class=\"yoast-schema-graph\">{\"@context\":\"https:\/\/schema.org\",\"@graph\":[{\"@type\":\"WebPage\",\"@id\":\"https:\/\/dev-wp.catchef.com\/de\/tabelle\/\",\"url\":\"https:\/\/dev-wp.catchef.com\/de\/tabelle\/\",\"name\":\"Empfohlene Mengen Tabelle f\u00fcr Katzen - Cat Chef\",\"isPartOf\":{\"@id\":\"https:\/\/dev-wp.catchef.com\/de\/#website\"},\"datePublished\":\"2024-04-03T10:21:40+00:00\",\"dateModified\":\"2024-04-03T10:23:32+00:00\",\"description\":\"Finden Sie die perfekte Futtermenge mit unserer Tabelle f\u00fcr Katzen. Sorgen Sie f\u00fcr eine ausgewogene Ern\u00e4hrung, angepasst an Alter und Gewicht Ihrer Katze.\",\"breadcrumb\":{\"@id\":\"https:\/\/dev-wp.catchef.com\/de\/tabelle\/#breadcrumb\"},\"inLanguage\":\"de-DE\",\"potentialAction\":[{\"@type\":\"ReadAction\",\"target\":[\"https:\/\/dev-wp.catchef.com\/de\/tabelle\/\"]}]},{\"@type\":\"BreadcrumbList\",\"@id\":\"https:\/\/dev-wp.catchef.com\/de\/tabelle\/#breadcrumb\",\"itemListElement\":[{\"@type\":\"ListItem\",\"position\":1,\"name\":\"Home\",\"item\":\"https:\/\/dev-wp.catchef.com\/de\/\"},{\"@type\":\"ListItem\",\"position\":2,\"name\":\"Tabelle\"}]},{\"@type\":\"WebSite\",\"@id\":\"https:\/\/dev-wp.catchef.com\/de\/#website\",\"url\":\"https:\/\/dev-wp.catchef.com\/de\/\",\"name\":\"Catchef\",\"description\":\"\",\"potentialAction\":[{\"@type\":\"SearchAction\",\"target\":{\"@type\":\"EntryPoint\",\"urlTemplate\":\"https:\/\/dev-wp.catchef.com\/de\/?s={search_term_string}\"},\"query-input\":\"required name=search_term_string\"}],\"inLanguage\":\"de-DE\"}]}<\/script>\n<!-- \/ Yoast SEO plugin. -->","yoast_head_json":{"title":"Empfohlene Mengen Tabelle f\u00fcr Katzen - Cat Chef","description":"Finden Sie die perfekte Futtermenge mit unserer Tabelle f\u00fcr Katzen. Sorgen Sie f\u00fcr eine ausgewogene Ern\u00e4hrung, angepasst an Alter und Gewicht Ihrer Katze.","robots":{"index":"index","follow":"follow","max-snippet":"max-snippet:-1","max-image-preview":"max-image-preview:large","max-video-preview":"max-video-preview:-1"},"canonical":"https:\/\/dev-wp.catchef.com\/de\/tabelle\/","og_locale":"de_DE","og_type":"article","og_title":"Empfohlene Mengen Tabelle f\u00fcr Katzen - Cat Chef","og_description":"Finden Sie die perfekte Futtermenge mit unserer Tabelle f\u00fcr Katzen. Sorgen Sie f\u00fcr eine ausgewogene Ern\u00e4hrung, angepasst an Alter und Gewicht Ihrer Katze.","og_url":"https:\/\/dev-wp.catchef.com\/de\/tabelle\/","og_site_name":"Catchef","article_modified_time":"2024-04-03T10:23:32+00:00","twitter_card":"summary_large_image","schema":{"@context":"https:\/\/schema.org","@graph":[{"@type":"WebPage","@id":"https:\/\/dev-wp.catchef.com\/de\/tabelle\/","url":"https:\/\/dev-wp.catchef.com\/de\/tabelle\/","name":"Empfohlene Mengen Tabelle f\u00fcr Katzen - Cat Chef","isPartOf":{"@id":"https:\/\/dev-wp.catchef.com\/de\/#website"},"datePublished":"2024-04-03T10:21:40+00:00","dateModified":"2024-04-03T10:23:32+00:00","description":"Finden Sie die perfekte Futtermenge mit unserer Tabelle f\u00fcr Katzen. Sorgen Sie f\u00fcr eine ausgewogene Ern\u00e4hrung, angepasst an Alter und Gewicht Ihrer Katze.","breadcrumb":{"@id":"https:\/\/dev-wp.catchef.com\/de\/tabelle\/#breadcrumb"},"inLanguage":"de-DE","potentialAction":[{"@type":"ReadAction","target":["https:\/\/dev-wp.catchef.com\/de\/tabelle\/"]}]},{"@type":"BreadcrumbList","@id":"https:\/\/dev-wp.catchef.com\/de\/tabelle\/#breadcrumb","itemListElement":[{"@type":"ListItem","position":1,"name":"Home","item":"https:\/\/dev-wp.catchef.com\/de\/"},{"@type":"ListItem","position":2,"name":"Tabelle"}]},{"@type":"WebSite","@id":"https:\/\/dev-wp.catchef.com\/de\/#website","url":"https:\/\/dev-wp.catchef.com\/de\/","name":"Catchef","description":"","potentialAction":[{"@type":"SearchAction","target":{"@type":"EntryPoint","urlTemplate":"https:\/\/dev-wp.catchef.com\/de\/?s={search_term_string}"},"query-input":"required name=search_term_string"}],"inLanguage":"de-DE"}]}},"_links":{"self":[{"href":"https:\/\/dev-wp.catchef.com\/de\/wp-json\/wp\/v2\/pages\/3511","targetHints":{"allow":["GET"]}}],"collection":[{"href":"https:\/\/dev-wp.catchef.com\/de\/wp-json\/wp\/v2\/pages"}],"about":[{"href":"https:\/\/dev-wp.catchef.com\/de\/wp-json\/wp\/v2\/types\/page"}],"author":[{"embeddable":true,"href":"https:\/\/dev-wp.catchef.com\/de\/wp-json\/wp\/v2\/users\/1"}],"replies":[{"embeddable":true,"href":"https:\/\/dev-wp.catchef.com\/de\/wp-json\/wp\/v2\/comments?post=3511"}],"version-history":[{"count":1,"href":"https:\/\/dev-wp.catchef.com\/de\/wp-json\/wp\/v2\/pages\/3511\/revisions"}],"predecessor-version":[{"id":3514,"href":"https:\/\/dev-wp.catchef.com\/de\/wp-json\/wp\/v2\/pages\/3511\/revisions\/3514"}],"wp:attachment":[{"href":"https:\/\/dev-wp.catchef.com\/de\/wp-json\/wp\/v2\/media?parent=3511"}],"wp:term":[{"taxonomy":"pagetype","embeddable":true,"href":"https:\/\/dev-wp.catchef.com\/de\/wp-json\/wp\/v2\/pagetype?post=3511"}],"curies":[{"name":"wp","href":"https:\/\/api.w.org\/{rel}","templated":true}]}}